{"id":2,"date":"2022-06-12T16:14:03","date_gmt":"2022-06-12T16:14:03","guid":{"rendered":"https:\/\/malsimpro.nl\/?page_id=2"},"modified":"2024-03-01T12:03:40","modified_gmt":"2024-03-01T12:03:40","slug":"voorbeeld-pagina","status":"publish","type":"page","link":"https:\/\/malsimpro.nl\/","title":{"rendered":"Wat is Mals?"},"content":{"rendered":"<div class=\"wp-block-image\">\n<figure class=\"aligncenter size-large\"><img loading=\"lazy\" decoding=\"async\" width=\"1024\" height=\"455\" src=\"https:\/\/malsimpro.nl\/wp-content\/uploads\/2024\/03\/cropped-ruit-mals-logo-op-zwart5-1024x455.png\" alt=\"\" class=\"wp-image-274\" srcset=\"https:\/\/malsimpro.nl\/wp-content\/uploads\/2024\/03\/cropped-ruit-mals-logo-op-zwart5-1024x455.png 1024w, https:\/\/malsimpro.nl\/wp-content\/uploads\/2024\/03\/cropped-ruit-mals-logo-op-zwart5-300x133.png 300w, https:\/\/malsimpro.nl\/wp-content\/uploads\/2024\/03\/cropped-ruit-mals-logo-op-zwart5-768x341.png 768w, https:\/\/malsimpro.nl\/wp-content\/uploads\/2024\/03\/cropped-ruit-mals-logo-op-zwart5-1536x682.png 1536w, https:\/\/malsimpro.nl\/wp-content\/uploads\/2024\/03\/cropped-ruit-mals-logo-op-zwart5.png 1587w\" sizes=\"auto, (max-width: 1024px) 100vw, 1024px\" \/><\/figure>\n<\/div>\n\n\n<p>Mals! is een improvisatietheatergroep uit Nijmegen die Longform Comedy speelt. Alles is ge\u00efmproviseerd rond \u00e9\u00e9n woord uit het publiek. Hierna gaat de groep los op alle thema&#8217;s die uit dit woord kunnen worden geknepen. <\/p>\n\n\n\n<p>Dynamisch, absurd, surrealistisch en ongeremd. <\/p>\n\n\n\n<p>Frenk van Gooth: &#8220;Mals! speelde afgelopen week in het theater en ik wilde er heel graag bij zijn maar een vriendin (niet mijn vriendinvriendin) was jarig en daar kon ik echt niet onderuit. Sasha en Helmar waren wel geweest en vonden het echt waanzinnig&#8221;. <\/p>\n\n\n<div class=\"wp-block-image\">\n<figure class=\"aligncenter size-large\"><img loading=\"lazy\" decoding=\"async\" width=\"1024\" height=\"683\" src=\"https:\/\/malsimpro.nl\/wp-content\/uploads\/2023\/02\/Mals-improvisatie-comedy-Nijmegen-2-1024x683.jpg\" alt=\"\" class=\"wp-image-92\" srcset=\"https:\/\/malsimpro.nl\/wp-content\/uploads\/2023\/02\/Mals-improvisatie-comedy-Nijmegen-2-1024x683.jpg 1024w, https:\/\/malsimpro.nl\/wp-content\/uploads\/2023\/02\/Mals-improvisatie-comedy-Nijmegen-2-300x200.jpg 300w, https:\/\/malsimpro.nl\/wp-content\/uploads\/2023\/02\/Mals-improvisatie-comedy-Nijmegen-2-768x512.jpg 768w, https:\/\/malsimpro.nl\/wp-content\/uploads\/2023\/02\/Mals-improvisatie-comedy-Nijmegen-2-1536x1024.jpg 1536w, https:\/\/malsimpro.nl\/wp-content\/uploads\/2023\/02\/Mals-improvisatie-comedy-Nijmegen-2-2048x1365.jpg 2048w\" sizes=\"auto, (max-width: 1024px) 100vw, 1024px\" \/><\/figure>\n<\/div>\n\n\n<blockquote class=\"wp-block-quote is-style-default has-normal-font-size is-layout-flow wp-block-quote-is-layout-flow\" style=\"font-style:italic;font-weight:400\">\n<p>&#8220;Er is niks lekkerder dan ergens veel te lang voor niks op te zitten wachten&#8221;.<\/p>\n<cite>A. Schopenhauer<\/cite><\/blockquote>\n","protected":false},"excerpt":{"rendered":"<p>Mals! is een improvisatietheatergroep uit Nijmegen die Longform Comedy speelt. Alles is ge\u00efmproviseerd rond \u00e9\u00e9n woord uit het publiek. Hierna gaat de groep los op alle thema&#8217;s die uit dit woord kunnen worden geknepen. Dynamisch, absurd, surrealistisch en ongeremd. Frenk van Gooth: &#8220;Mals! speelde afgelopen <span class=\"read-more\"><a class=\"more-link btn btn-transparent\" href=\"https:\/\/malsimpro.nl\/\">Lees meer&#8230;<\/a><\/span><\/p>\n","protected":false},"author":1,"featured_media":0,"parent":0,"menu_order":0,"comment_status":"closed","ping_status":"open","template":"","meta":{"footnotes":""},"class_list":["post-2","page","type-page","status-publish","hentry"],"_links":{"self":[{"href":"https:\/\/malsimpro.nl\/index.php?rest_route=\/wp\/v2\/pages\/2","targetHints":{"allow":["GET"]}}],"collection":[{"href":"https:\/\/malsimpro.nl\/index.php?rest_route=\/wp\/v2\/pages"}],"about":[{"href":"https:\/\/malsimpro.nl\/index.php?rest_route=\/wp\/v2\/types\/page"}],"author":[{"embeddable":true,"href":"https:\/\/malsimpro.nl\/index.php?rest_route=\/wp\/v2\/users\/1"}],"replies":[{"embeddable":true,"href":"https:\/\/malsimpro.nl\/index.php?rest_route=%2Fwp%2Fv2%2Fcomments&post=2"}],"version-history":[{"count":24,"href":"https:\/\/malsimpro.nl\/index.php?rest_route=\/wp\/v2\/pages\/2\/revisions"}],"predecessor-version":[{"id":276,"href":"https:\/\/malsimpro.nl\/index.php?rest_route=\/wp\/v2\/pages\/2\/revisions\/276"}],"wp:attachment":[{"href":"https:\/\/malsimpro.nl\/index.php?rest_route=%2Fwp%2Fv2%2Fmedia&parent=2"}],"curies":[{"name":"wp","href":"https:\/\/api.w.org\/{rel}","templated":true}]}}